{"id":12,"date":"2017-08-23T12:26:35","date_gmt":"2017-08-23T09:26:35","guid":{"rendered":"https:\/\/triinlingiene.ee\/ttgteachers\/?page_id=12"},"modified":"2021-08-28T19:49:19","modified_gmt":"2021-08-28T16:49:19","slug":"oppevara","status":"publish","type":"page","link":"https:\/\/triinlingiene.ee\/ttgteachers\/oppevara\/","title":{"rendered":"\u00d5ppevara"},"content":{"rendered":"<div id=\"pl-12\"  class=\"panel-layout\" ><div id=\"pg-12-0\"  class=\"panel-grid panel-no-style\" ><div id=\"pgc-12-0-0\"  class=\"panel-grid-cell\" ><div id=\"panel-12-0-0-0\" class=\"so-panel widget widget_sow-image panel-first-child panel-last-child\" data-index=\"0\" ><div\n\t\t\t\n\t\t\tclass=\"so-widget-sow-image so-widget-sow-image-default-d6014b76747a-12\"\n\t\t\t\n\t\t>\n\n<div class=\"sow-image-container\">\n\t\t\t<a\n\t\t\thref=\"https:\/\/triinlingiene.ee\/ttgteachers\/portfolio\/hispaania-opimapp\/\"\n\t\t\t\t\t>\n\t\t\t<img src=\"https:\/\/triinlingiene.ee\/ttgteachers\/wp-content\/uploads\/2017\/09\/Hispaania.jpg\" width=\"400\" height=\"400\" srcset=\"https:\/\/triinlingiene.ee\/ttgteachers\/wp-content\/uploads\/2017\/09\/Hispaania.jpg 400w, https:\/\/triinlingiene.ee\/ttgteachers\/wp-content\/uploads\/2017\/09\/Hispaania-150x150.jpg 150w, https:\/\/triinlingiene.ee\/ttgteachers\/wp-content\/uploads\/2017\/09\/Hispaania-300x300.jpg 300w, https:\/\/triinlingiene.ee\/ttgteachers\/wp-content\/uploads\/2017\/09\/Hispaania-240x240.jpg 240w, https:\/\/triinlingiene.ee\/ttgteachers\/wp-content\/uploads\/2017\/09\/Hispaania-366x366.jpg 366w\" sizes=\"(max-width: 400px) 100vw, 400px\" alt=\"\" loading=\"lazy\" \t\tclass=\"so-widget-image\"\/>\n\t<\/a><\/div>\n\n<\/div><\/div><\/div><div id=\"pgc-12-0-1\"  class=\"panel-grid-cell\" ><div id=\"panel-12-0-1-0\" class=\"so-panel widget widget_sow-image panel-first-child panel-last-child\" data-index=\"1\" ><div\n\t\t\t\n\t\t\tclass=\"so-widget-sow-image so-widget-sow-image-default-d6014b76747a-12\"\n\t\t\t\n\t\t>\n\n<div class=\"sow-image-container\">\n\t\t\t<a\n\t\t\thref=\"https:\/\/triinlingiene.ee\/ttgteachers\/portfolio\/itaalia-opimapp\/\"\n\t\t\t\t\t>\n\t\t\t<img src=\"https:\/\/triinlingiene.ee\/ttgteachers\/wp-content\/uploads\/2017\/09\/Itaalia.jpg\" width=\"400\" height=\"400\" srcset=\"https:\/\/triinlingiene.ee\/ttgteachers\/wp-content\/uploads\/2017\/09\/Itaalia.jpg 400w, https:\/\/triinlingiene.ee\/ttgteachers\/wp-content\/uploads\/2017\/09\/Itaalia-150x150.jpg 150w, https:\/\/triinlingiene.ee\/ttgteachers\/wp-content\/uploads\/2017\/09\/Itaalia-300x300.jpg 300w, https:\/\/triinlingiene.ee\/ttgteachers\/wp-content\/uploads\/2017\/09\/Itaalia-240x240.jpg 240w, https:\/\/triinlingiene.ee\/ttgteachers\/wp-content\/uploads\/2017\/09\/Itaalia-366x366.jpg 366w\" sizes=\"(max-width: 400px) 100vw, 400px\" alt=\"\" loading=\"lazy\" \t\tclass=\"so-widget-image\"\/>\n\t<\/a><\/div>\n\n<\/div><\/div><\/div><div id=\"pgc-12-0-2\"  class=\"panel-grid-cell\" ><div id=\"panel-12-0-2-0\" class=\"so-panel widget widget_sow-image panel-first-child panel-last-child\" data-index=\"2\" ><div\n\t\t\t\n\t\t\tclass=\"so-widget-sow-image so-widget-sow-image-default-d6014b76747a-12\"\n\t\t\t\n\t\t>\n\n<div class=\"sow-image-container\">\n\t\t\t<a\n\t\t\thref=\"https:\/\/triinlingiene.ee\/ttgteachers\/portfolio\/ungari-opimapp\/\"\n\t\t\t\t\t>\n\t\t\t<img src=\"https:\/\/triinlingiene.ee\/ttgteachers\/wp-content\/uploads\/2017\/09\/Ungari.jpg\" width=\"400\" height=\"400\" srcset=\"https:\/\/triinlingiene.ee\/ttgteachers\/wp-content\/uploads\/2017\/09\/Ungari.jpg 400w, https:\/\/triinlingiene.ee\/ttgteachers\/wp-content\/uploads\/2017\/09\/Ungari-150x150.jpg 150w, https:\/\/triinlingiene.ee\/ttgteachers\/wp-content\/uploads\/2017\/09\/Ungari-300x300.jpg 300w, https:\/\/triinlingiene.ee\/ttgteachers\/wp-content\/uploads\/2017\/09\/Ungari-240x240.jpg 240w, https:\/\/triinlingiene.ee\/ttgteachers\/wp-content\/uploads\/2017\/09\/Ungari-366x366.jpg 366w\" sizes=\"(max-width: 400px) 100vw, 400px\" alt=\"\" loading=\"lazy\" \t\tclass=\"so-widget-image\"\/>\n\t<\/a><\/div>\n\n<\/div><\/div><\/div><div id=\"pgc-12-0-3\"  class=\"panel-grid-cell\" ><div id=\"panel-12-0-3-0\" class=\"so-panel widget widget_sow-image panel-first-child panel-last-child\" data-index=\"3\" ><div\n\t\t\t\n\t\t\tclass=\"so-widget-sow-image so-widget-sow-image-default-d6014b76747a-12\"\n\t\t\t\n\t\t>\n\n<div class=\"sow-image-container\">\n\t\t\t<a\n\t\t\thref=\"https:\/\/triinlingiene.ee\/ttgteachers\/portfolio\/inglismaa-opimapp\/\"\n\t\t\t\t\t>\n\t\t\t<img src=\"https:\/\/triinlingiene.ee\/ttgteachers\/wp-content\/uploads\/2017\/09\/Inglismaa.jpg\" width=\"400\" height=\"400\" srcset=\"https:\/\/triinlingiene.ee\/ttgteachers\/wp-content\/uploads\/2017\/09\/Inglismaa.jpg 400w, https:\/\/triinlingiene.ee\/ttgteachers\/wp-content\/uploads\/2017\/09\/Inglismaa-150x150.jpg 150w, https:\/\/triinlingiene.ee\/ttgteachers\/wp-content\/uploads\/2017\/09\/Inglismaa-300x300.jpg 300w, https:\/\/triinlingiene.ee\/ttgteachers\/wp-content\/uploads\/2017\/09\/Inglismaa-240x240.jpg 240w, https:\/\/triinlingiene.ee\/ttgteachers\/wp-content\/uploads\/2017\/09\/Inglismaa-366x366.jpg 366w\" sizes=\"(max-width: 400px) 100vw, 400px\" alt=\"\" loading=\"lazy\" \t\tclass=\"so-widget-image\"\/>\n\t<\/a><\/div>\n\n<\/div><\/div><\/div><div id=\"pgc-12-0-4\"  class=\"panel-grid-cell\" ><div id=\"panel-12-0-4-0\" class=\"so-panel widget widget_sow-image panel-first-child panel-last-child\" data-index=\"4\" ><div\n\t\t\t\n\t\t\tclass=\"so-widget-sow-image so-widget-sow-image-default-d6014b76747a-12\"\n\t\t\t\n\t\t>\n\n<div class=\"sow-image-container\">\n\t\t\t<a\n\t\t\thref=\"https:\/\/triinlingiene.ee\/ttgteachers\/portfolio\/iirimaa-opimapp\/\"\n\t\t\t\t\t>\n\t\t\t<img src=\"https:\/\/triinlingiene.ee\/ttgteachers\/wp-content\/uploads\/2017\/09\/Iirimaa.jpg\" width=\"400\" height=\"400\" srcset=\"https:\/\/triinlingiene.ee\/ttgteachers\/wp-content\/uploads\/2017\/09\/Iirimaa.jpg 400w, https:\/\/triinlingiene.ee\/ttgteachers\/wp-content\/uploads\/2017\/09\/Iirimaa-150x150.jpg 150w, https:\/\/triinlingiene.ee\/ttgteachers\/wp-content\/uploads\/2017\/09\/Iirimaa-300x300.jpg 300w, https:\/\/triinlingiene.ee\/ttgteachers\/wp-content\/uploads\/2017\/09\/Iirimaa-240x240.jpg 240w, https:\/\/triinlingiene.ee\/ttgteachers\/wp-content\/uploads\/2017\/09\/Iirimaa-366x366.jpg 366w\" sizes=\"(max-width: 400px) 100vw, 400px\" alt=\"\" loading=\"lazy\" \t\tclass=\"so-widget-image\"\/>\n\t<\/a><\/div>\n\n<\/div><\/div><\/div><div id=\"pgc-12-0-5\"  class=\"panel-grid-cell\" ><div id=\"panel-12-0-5-0\" class=\"so-panel widget widget_sow-image panel-first-child panel-last-child\" data-index=\"5\" ><div\n\t\t\t\n\t\t\tclass=\"so-widget-sow-image so-widget-sow-image-default-d6014b76747a-12\"\n\t\t\t\n\t\t>\n\n<div class=\"sow-image-container\">\n\t\t\t<a\n\t\t\thref=\"https:\/\/triinlingiene.ee\/ttgteachers\/portfolio\/islandi-opimapp\/\"\n\t\t\t\t\t>\n\t\t\t<img src=\"https:\/\/triinlingiene.ee\/ttgteachers\/wp-content\/uploads\/2017\/09\/Islandi.jpg\" width=\"400\" height=\"400\" srcset=\"https:\/\/triinlingiene.ee\/ttgteachers\/wp-content\/uploads\/2017\/09\/Islandi.jpg 400w, https:\/\/triinlingiene.ee\/ttgteachers\/wp-content\/uploads\/2017\/09\/Islandi-150x150.jpg 150w, https:\/\/triinlingiene.ee\/ttgteachers\/wp-content\/uploads\/2017\/09\/Islandi-300x300.jpg 300w, https:\/\/triinlingiene.ee\/ttgteachers\/wp-content\/uploads\/2017\/09\/Islandi-240x240.jpg 240w, https:\/\/triinlingiene.ee\/ttgteachers\/wp-content\/uploads\/2017\/09\/Islandi-366x366.jpg 366w\" sizes=\"(max-width: 400px) 100vw, 400px\" alt=\"\" loading=\"lazy\" \t\tclass=\"so-widget-image\"\/>\n\t<\/a><\/div>\n\n<\/div><\/div><\/div><\/div><div id=\"pg-12-1\"  class=\"panel-grid panel-no-style\" ><div id=\"pgc-12-1-0\"  class=\"panel-grid-cell\" ><div id=\"panel-12-1-0-0\" class=\"so-panel widget widget_text panel-first-child panel-last-child\" data-index=\"6\" ><h3 class=\"widget-title\">L\u00f5imitud ja kombineeritud aine\u00f5pe ning kaasaegsed \u00f5petamisstrateegiad<\/h3>\t\t\t<div class=\"textwidget\"><p>Oleme loodud \u00f5ppevara koondanud\u00a0 kuude \u00f5pimappi, millel nimed viitavad Tamme g\u00fcmnaasiumi teise \u00f5pir\u00e4ndeprojekti sihtriikidele. Iga \u00f5pimapp koosneb kolmest osast: sissejuhatus, materjalid ja Moodle. Esimeses osas antakse loodud \u00f5ppevara kohta \u00fcldine \u00fclevaade. Teises osas esitatakse \u00f5ppevaraga seotud materjalide n\u00e4iteid ning kolmandas osas v\u00f5imaldatakse k\u00fclastajal heita pilk l\u00f5imitud aine\u00f5ppe materjalidele Moodle&#8217;i\u00a0 keskkonnas. Kuna tegemist on\u00a0 praktilise \u00f5ppevaraga, mida selle loojad ise oma igap\u00e4evat\u00f6\u00f6s praktiliselt kasutavad, v\u00f5iks see huvi pakkuda ka teistele \u00f5petajatele, kas siis ise kasutamiseks v\u00f5i eeskuju v\u00f5tmiseks.<\/p>\n<p>Autorile viitamine + Mitte\u00e4riline eesm\u00e4rk + Jagamine samadel tingimustel 3.0 Eesti (CC BY-NC-SA 3.0 EE)<\/p>\n<\/div>\n\t\t<\/div><\/div><\/div><\/div>","protected":false},"excerpt":{"rendered":"<p>Oleme loodud \u00f5ppevara koondanud\u00a0 kuude \u00f5pimappi, millel nimed viitavad Tamme g\u00fcmnaasiumi teise \u00f5pir\u00e4ndeprojekti sihtriikidele. Iga \u00f5pimapp koosneb kolmest osast: sissejuhatus, materjalid ja Moodle. Esimeses osas antakse loodud \u00f5ppevara kohta \u00fcldine \u00fclevaade. Teises osas esitatakse \u00f5ppevaraga seotud materjalide n\u00e4iteid ning kolmandas &hellip; <a class=\"kt-excerpt-readmore\" href=\"https:\/\/triinlingiene.ee\/ttgteachers\/oppevara\/\" aria-label=\"\u00d5ppevara\">Read More<\/a><\/p>\n","protected":false},"author":1,"featured_media":0,"parent":0,"menu_order":4,"comment_status":"closed","ping_status":"closed","template":"page-fullwidth.php","meta":{"_mi_skip_tracking":false},"_links":{"self":[{"href":"https:\/\/triinlingiene.ee\/ttgteachers\/wp-json\/wp\/v2\/pages\/12"}],"collection":[{"href":"https:\/\/triinlingiene.ee\/ttgteachers\/wp-json\/wp\/v2\/pages"}],"about":[{"href":"https:\/\/triinlingiene.ee\/ttgteachers\/wp-json\/wp\/v2\/types\/page"}],"author":[{"embeddable":true,"href":"https:\/\/triinlingiene.ee\/ttgteachers\/wp-json\/wp\/v2\/users\/1"}],"replies":[{"embeddable":true,"href":"https:\/\/triinlingiene.ee\/ttgteachers\/wp-json\/wp\/v2\/comments?post=12"}],"version-history":[{"count":5,"href":"https:\/\/triinlingiene.ee\/ttgteachers\/wp-json\/wp\/v2\/pages\/12\/revisions"}],"predecessor-version":[{"id":1637,"href":"https:\/\/triinlingiene.ee\/ttgteachers\/wp-json\/wp\/v2\/pages\/12\/revisions\/1637"}],"wp:attachment":[{"href":"https:\/\/triinlingiene.ee\/ttgteachers\/wp-json\/wp\/v2\/media?parent=12"}],"curies":[{"name":"wp","href":"https:\/\/api.w.org\/{rel}","templated":true}]}}