{"id":1540,"date":"2019-09-17T15:11:34","date_gmt":"2019-09-17T12:11:34","guid":{"rendered":"https:\/\/triinlingiene.ee\/ttgteachers\/?page_id=1540"},"modified":"2019-09-29T17:38:15","modified_gmt":"2019-09-29T14:38:15","slug":"nipiraamat","status":"publish","type":"page","link":"https:\/\/triinlingiene.ee\/ttgteachers\/nipiraamat\/","title":{"rendered":"Nipiraamat"},"content":{"rendered":"<p>Et k\u00f5ik ausalt \u00e4ra r\u00e4\u00e4kida, siis nipiraamatu koostamise v\u00f5tsime ette vaid sellep\u00e4rast, et me olime n\u00f5nda projektitaotluses lubanud. Aga aja m\u00f6\u00f6dudes kujunes sellest \u00fcks \u00fctlemata hariv ja \u00e4ratundmisr\u00f5\u00f5mu pakkuv tegevus. \u00dcsna mitmes m\u00f5ttes kirjutasime nipiraamatu ju iseendile, sest olime selle valmimise k\u00e4igus nii valimiks kui sihtgrupiks.<\/p>\n<p>Nipiraamat keskendub teemadele, mis paljudele meist l\u00e4hevad v\u00e4ga korda, n\u00e4iteks s\u00fcdikusele, edenemism\u00f5tteviisile, enesekehtestamisele, aga ka erinevatele p\u00f5hjustele, miks inimesed pingutamast loobuvad. Kuna meid h\u00e4irib peavoolumeedia kalduvus uut \u00f5pik\u00e4situst ja fragmentaarset m\u00f5tlemist j\u00e4\u00e4gitult kiita ning humaanset reformpedagoogikat ja lineaarset m\u00f5tlemist pigem laita, siis oleme projektikogumikus s\u00f5na andnud ka teadlastele ja arvamusliidritele, kes arvavad teisiti.<\/p>\n<p>Tutvusime kanada-ameerika ps\u00fchhoterapeudi Nathaniel Brandeni, Toronto \u00fclikooli ps\u00fchholoogiaprofessori ja kliinilise ps\u00fchholoogi Jordan B. Petersoni, Stanfordi \u00fclikooli professori Carol S. Dwecki ja maineka ps\u00fchholoogi Angela Duckworth\u2019i\u00a0 kirjutatuga ning\u00a0 eesti kasvatusteadlase Tiiu Kuurme ja kadunud religiooniloolase, klassikalise filoloogi ning\u00a0 t\u00f5lkija Marju Lepaj\u00f5e t\u00f5ekspidamistega. Samuti r\u00e4\u00e4kisime oma \u00f5pilastega ja paljude Euroopa riikidest p\u00e4rit \u00f5petajatega.<\/p>\n<p>N\u00f5ustume suurel m\u00e4\u00e4ral eesti pedagoogikateadlase Maie Tuulikuga, kelle s\u00f5nul ei saa \u00f5ppimine tugineda vaid huvitatusele ja arusaamisele, vaid n\u00f5uab t\u00f6\u00f6d ja pingutust. Samuti kiidame igati heaks briti haridustegelase Tom Sherringtoni pedagoogikapuu metafoori, mille kohaselt toimub \u00f5ppimine vaid siis, kui puujuured on rikkalikult toidetud (progressiivne) ja tugevale t\u00fcvele toetuv oksastik oskuslikult struktureeritud (traditsiooniline). Seega peaksime otsima uue ja traditsioonilise \u00f5pik\u00e4situse s\u00fcmbioosi, mitte neid vastandama.<\/p>\n<p>Kindlasti leiavad j\u00e4rgnevatelt lehek\u00fclgedelt head n\u00f5u noored \u00f5petajad, kes ehk muretsevad rohkem kui nende kogenud kolleegid. Aga tahaks v\u00e4ga loota, et nii m\u00f5negi hea m\u00f5tte v\u00f5i praktilise idee saab nipiraamatust kaasa iga\u00fcks, kes t\u00e4na koolis t\u00f6\u00f6tades uue \u00f5pik\u00e4situsega rinda pistab.<\/p>\n<table style=\"border-collapse: collapse; width: 100%;\">\n<tbody>\n<tr>\n<td style=\"width: 24.3636%;\">\n<h6><strong>Nipiraamatu saab<\/strong> <strong>PDF formaadis\u00a0 alla laadida <span style=\"font-size: 12pt;\"><a href=\"https:\/\/triinlingiene.ee\/ttgteachers\/wp-content\/uploads\/2019\/09\/Nipiraamat_ttg_teachers.pdf\" target=\"_blank\" rel=\"noopener noreferrer\">siin.<\/a><\/span><\/strong><\/h6>\n<\/td>\n<td style=\"width: 46.6128%;\"><a href=\"https:\/\/triinlingiene.ee\/ttgteachers\/wp-content\/uploads\/2019\/09\/IMG_20190708_130208.jpg\"><img loading=\"lazy\" class=\"aligncenter wp-image-1554 \" src=\"https:\/\/triinlingiene.ee\/ttgteachers\/wp-content\/uploads\/2019\/09\/IMG_20190708_130208-300x169.jpg\" alt=\"\" width=\"350\" height=\"197\" data-id=\"1554\" srcset=\"https:\/\/triinlingiene.ee\/ttgteachers\/wp-content\/uploads\/2019\/09\/IMG_20190708_130208-300x169.jpg 300w, https:\/\/triinlingiene.ee\/ttgteachers\/wp-content\/uploads\/2019\/09\/IMG_20190708_130208-768x432.jpg 768w, https:\/\/triinlingiene.ee\/ttgteachers\/wp-content\/uploads\/2019\/09\/IMG_20190708_130208-1024x576.jpg 1024w\" sizes=\"(max-width: 350px) 100vw, 350px\" \/><\/a><\/td>\n<td style=\"width: 29.0235%;\">\n<h6><strong>Nipiraamatut saab e-raamatuna (30 lk) lugeda<\/strong><a href=\"https:\/\/www.flipsnack.com\/ttgteachers\/nipiraamat_ttg_teachers.html\" target=\"_blank\" rel=\"noopener noreferrer\"><span style=\"font-size: 12pt;\"><strong> siin<\/strong>.<\/span><\/a><\/h6>\n<\/td>\n<\/tr>\n<\/tbody>\n<\/table>\n<p>&nbsp;<\/p>\n","protected":false},"excerpt":{"rendered":"<p>Et k\u00f5ik ausalt \u00e4ra r\u00e4\u00e4kida, siis nipiraamatu koostamise v\u00f5tsime ette vaid sellep\u00e4rast, et me olime n\u00f5nda projektitaotluses lubanud. Aga aja m\u00f6\u00f6dudes kujunes sellest \u00fcks \u00fctlemata hariv ja \u00e4ratundmisr\u00f5\u00f5mu pakkuv tegevus. \u00dcsna mitmes m\u00f5ttes kirjutasime nipiraamatu ju iseendile, sest olime selle &hellip; <a class=\"kt-excerpt-readmore\" href=\"https:\/\/triinlingiene.ee\/ttgteachers\/nipiraamat\/\" aria-label=\"Nipiraamat\">Read More<\/a><\/p>\n","protected":false},"author":1,"featured_media":0,"parent":0,"menu_order":0,"comment_status":"closed","ping_status":"closed","template":"","meta":{"_mi_skip_tracking":false},"_links":{"self":[{"href":"https:\/\/triinlingiene.ee\/ttgteachers\/wp-json\/wp\/v2\/pages\/1540"}],"collection":[{"href":"https:\/\/triinlingiene.ee\/ttgteachers\/wp-json\/wp\/v2\/pages"}],"about":[{"href":"https:\/\/triinlingiene.ee\/ttgteachers\/wp-json\/wp\/v2\/types\/page"}],"author":[{"embeddable":true,"href":"https:\/\/triinlingiene.ee\/ttgteachers\/wp-json\/wp\/v2\/users\/1"}],"replies":[{"embeddable":true,"href":"https:\/\/triinlingiene.ee\/ttgteachers\/wp-json\/wp\/v2\/comments?post=1540"}],"version-history":[{"count":5,"href":"https:\/\/triinlingiene.ee\/ttgteachers\/wp-json\/wp\/v2\/pages\/1540\/revisions"}],"predecessor-version":[{"id":1593,"href":"https:\/\/triinlingiene.ee\/ttgteachers\/wp-json\/wp\/v2\/pages\/1540\/revisions\/1593"}],"wp:attachment":[{"href":"https:\/\/triinlingiene.ee\/ttgteachers\/wp-json\/wp\/v2\/media?parent=1540"}],"curies":[{"name":"wp","href":"https:\/\/api.w.org\/{rel}","templated":true}]}}