{"id":666,"date":"2018-07-05T13:59:46","date_gmt":"2018-07-05T10:59:46","guid":{"rendered":"https:\/\/triinlingiene.ee\/ttgteachers\/?page_id=666"},"modified":"2019-10-12T20:30:16","modified_gmt":"2019-10-12T17:30:16","slug":"schedule","status":"publish","type":"page","link":"https:\/\/triinlingiene.ee\/ttgteachers\/schedule\/","title":{"rendered":"Schedule"},"content":{"rendered":"<p><strong>2017<\/strong><\/p>\n<p><strong>September<\/strong>: project management, drafting a project website<\/p>\n<p><strong>October<\/strong>: pre-mobility training; \u00a0mobility to M\u00e1laga; getting to know the Spanish educational system, innovative curricula, learning strategies and teaching practices; sharing experiences and making new contacts; two teachers participating<\/p>\n<p><a href=\"https:\/\/triinlingiene.ee\/ttgteachers\/wp-content\/uploads\/2018\/10\/Final_groupA.jpg\"><img loading=\"lazy\" class=\"aligncenter size-full wp-image-947\" src=\"https:\/\/triinlingiene.ee\/ttgteachers\/wp-content\/uploads\/2018\/10\/Final_groupA.jpg\" alt=\"\" width=\"1024\" height=\"541\" data-id=\"947\" srcset=\"https:\/\/triinlingiene.ee\/ttgteachers\/wp-content\/uploads\/2018\/10\/Final_groupA.jpg 1024w, https:\/\/triinlingiene.ee\/ttgteachers\/wp-content\/uploads\/2018\/10\/Final_groupA-300x158.jpg 300w, https:\/\/triinlingiene.ee\/ttgteachers\/wp-content\/uploads\/2018\/10\/Final_groupA-768x406.jpg 768w\" sizes=\"(max-width: 1024px) 100vw, 1024px\" \/><\/a><\/p>\n<p><strong>November<\/strong>: dissemination; working on the project website<\/p>\n<p><strong>December<\/strong>: project management; first project semi-evaluation<\/p>\n<p><strong>2018<\/strong><\/p>\n<p><strong>January<\/strong>: pre-mobility training; creating new learning and teaching materials<\/p>\n<p><strong>February<\/strong>: a mobility to Italy to participate in the training course &#8220;Integrating ICT and new technologies into teaching and education\u201c (IFOM );\u00a0 getting to know the Italian educational system, innovative curricula, learning strategies and teaching practices; sharing experiences and making new contacts; two teachers participating<\/p>\n<p><a href=\"https:\/\/triinlingiene.ee\/ttgteachers\/wp-content\/uploads\/2018\/10\/Bologna-1024x576.jpg\"><img loading=\"lazy\" class=\"aligncenter size-full wp-image-948\" src=\"https:\/\/triinlingiene.ee\/ttgteachers\/wp-content\/uploads\/2018\/10\/Bologna-1024x576.jpg\" alt=\"\" width=\"1024\" height=\"576\" data-id=\"948\" srcset=\"https:\/\/triinlingiene.ee\/ttgteachers\/wp-content\/uploads\/2018\/10\/Bologna-1024x576.jpg 1024w, https:\/\/triinlingiene.ee\/ttgteachers\/wp-content\/uploads\/2018\/10\/Bologna-1024x576-300x169.jpg 300w, https:\/\/triinlingiene.ee\/ttgteachers\/wp-content\/uploads\/2018\/10\/Bologna-1024x576-768x432.jpg 768w\" sizes=\"(max-width: 1024px) 100vw, 1024px\" \/><\/a><\/p>\n<p><strong>March<\/strong>:\u00a0 dissemination; working on the project website<\/p>\n<p><strong>April:<\/strong>\u00a0 pre-mobility training 2; a mobility to Hungary to participate in the training course &#8220;Basic immunology and in vitro pharmacology\u201c; sharing experiences and making new contacts; two teachers participating<\/p>\n<p><a href=\"https:\/\/triinlingiene.ee\/ttgteachers\/wp-content\/uploads\/2018\/10\/Ungari_grupipilt_veebi.jpg\"><img loading=\"lazy\" class=\"aligncenter size-full wp-image-949\" src=\"https:\/\/triinlingiene.ee\/ttgteachers\/wp-content\/uploads\/2018\/10\/Ungari_grupipilt_veebi.jpg\" alt=\"\" width=\"4608\" height=\"3456\" data-id=\"949\" srcset=\"https:\/\/triinlingiene.ee\/ttgteachers\/wp-content\/uploads\/2018\/10\/Ungari_grupipilt_veebi.jpg 4608w, https:\/\/triinlingiene.ee\/ttgteachers\/wp-content\/uploads\/2018\/10\/Ungari_grupipilt_veebi-300x225.jpg 300w, https:\/\/triinlingiene.ee\/ttgteachers\/wp-content\/uploads\/2018\/10\/Ungari_grupipilt_veebi-768x576.jpg 768w, https:\/\/triinlingiene.ee\/ttgteachers\/wp-content\/uploads\/2018\/10\/Ungari_grupipilt_veebi-1024x768.jpg 1024w\" sizes=\"(max-width: 4608px) 100vw, 4608px\" \/><\/a><\/p>\n<p><strong>May<\/strong>: creating new learning and teaching materials; working on the project website<\/p>\n<p><strong>June<\/strong>: discussions about the project in connection with the school development plan; project feedback on senior school management level; second semi-evaluation<\/p>\n<p><strong>July<\/strong>: two flows of mobility to Great Britain to participate in the training courses &#8220;Expert Teaching&#8221; and &#8220;Teaching Exam Classes&#8221;; sharing experiences and making new contacts; two teachers participating<\/p>\n<p><a href=\"https:\/\/triinlingiene.ee\/ttgteachers\/wp-content\/uploads\/2018\/10\/IMG_20180713_122045.jpg\"><img loading=\"lazy\" class=\"aligncenter size-full wp-image-950\" src=\"https:\/\/triinlingiene.ee\/ttgteachers\/wp-content\/uploads\/2018\/10\/IMG_20180713_122045.jpg\" alt=\"\" width=\"1024\" height=\"643\" data-id=\"950\" srcset=\"https:\/\/triinlingiene.ee\/ttgteachers\/wp-content\/uploads\/2018\/10\/IMG_20180713_122045.jpg 1024w, https:\/\/triinlingiene.ee\/ttgteachers\/wp-content\/uploads\/2018\/10\/IMG_20180713_122045-300x188.jpg 300w, https:\/\/triinlingiene.ee\/ttgteachers\/wp-content\/uploads\/2018\/10\/IMG_20180713_122045-768x482.jpg 768w, https:\/\/triinlingiene.ee\/ttgteachers\/wp-content\/uploads\/2018\/10\/IMG_20180713_122045-80x50.jpg 80w\" sizes=\"(max-width: 1024px) 100vw, 1024px\" \/><\/a><\/p>\n<p><strong>August<\/strong>: working on the project website<\/p>\n<p><strong>September<\/strong>: dissemination activities; project management<\/p>\n<p><strong>October<\/strong>: working on the learning and teaching materials; open classes<\/p>\n<p><strong>November<\/strong>: working on the learning and teaching materials; open classes<\/p>\n<p><strong>December:<\/strong> dissemination activities; project management; third semi-evaluation<\/p>\n<p><strong>2019<\/strong><\/p>\n<p><strong>January<\/strong>: pre-mobility training ; e-twinning activities; creating new learning and teaching materials<\/p>\n<p><strong>February: <\/strong>a mobility to Dublin; getting to know the Irish educational system, innovative curricula, learning strategies and teaching practices; sharing experiences and making new contacts; two teachers participating<\/p>\n<p><a href=\"https:\/\/triinlingiene.ee\/ttgteachers\/wp-content\/uploads\/2019\/06\/Group-3.jpg\"><img loading=\"lazy\" class=\"aligncenter size-full wp-image-1045\" src=\"https:\/\/triinlingiene.ee\/ttgteachers\/wp-content\/uploads\/2019\/06\/Group-3.jpg\" alt=\"\" width=\"877\" height=\"520\" data-id=\"1045\" srcset=\"https:\/\/triinlingiene.ee\/ttgteachers\/wp-content\/uploads\/2019\/06\/Group-3.jpg 877w, https:\/\/triinlingiene.ee\/ttgteachers\/wp-content\/uploads\/2019\/06\/Group-3-300x178.jpg 300w, https:\/\/triinlingiene.ee\/ttgteachers\/wp-content\/uploads\/2019\/06\/Group-3-768x455.jpg 768w\" sizes=\"(max-width: 877px) 100vw, 877px\" \/><\/a><\/p>\n<p><strong>March:<\/strong> mobility to Reykjavik; getting to know the Icelandic educational system, innovative curricula, learning strategies and teaching practices; sharing experiences and making new contacts; two teachers participating<\/p>\n<p><a href=\"https:\/\/triinlingiene.ee\/ttgteachers\/wp-content\/uploads\/2019\/06\/IMG_2563.jpg\"><img loading=\"lazy\" class=\"aligncenter size-full wp-image-1046\" src=\"https:\/\/triinlingiene.ee\/ttgteachers\/wp-content\/uploads\/2019\/06\/IMG_2563.jpg\" alt=\"\" width=\"4032\" height=\"3024\" data-id=\"1046\" srcset=\"https:\/\/triinlingiene.ee\/ttgteachers\/wp-content\/uploads\/2019\/06\/IMG_2563.jpg 4032w, https:\/\/triinlingiene.ee\/ttgteachers\/wp-content\/uploads\/2019\/06\/IMG_2563-300x225.jpg 300w, https:\/\/triinlingiene.ee\/ttgteachers\/wp-content\/uploads\/2019\/06\/IMG_2563-768x576.jpg 768w, https:\/\/triinlingiene.ee\/ttgteachers\/wp-content\/uploads\/2019\/06\/IMG_2563-1024x768.jpg 1024w\" sizes=\"(max-width: 4032px) 100vw, 4032px\" \/><\/a><\/p>\n<p><strong>April<\/strong>: dissemination activities; working on the project website<\/p>\n<p><strong>May<\/strong>: developing new learning and teaching materials; open classes; a film project<\/p>\n<p><strong>June<\/strong>: discussions about the project in connection with the school development plan; project feedback on senior school management level; fourth semi-evaluation<\/p>\n<p><strong>July:<\/strong> completing the project website and the project e-book &#8220;Uue \u00f5pik\u00e4situse nipiraamat heale \u00f5petajale&#8221; (Top Tips for New Pedagogies)<\/p>\n<p><strong>August<\/strong>: final evaluation<\/p>\n<p>&nbsp;<\/p>\n","protected":false},"excerpt":{"rendered":"<p>2017 September: project management, drafting a project website October: pre-mobility training; \u00a0mobility to M\u00e1laga; getting to know the Spanish educational system, innovative curricula, learning strategies and teaching practices; sharing experiences and making new contacts; two teachers participating November: dissemination; working &hellip; <a class=\"kt-excerpt-readmore\" href=\"https:\/\/triinlingiene.ee\/ttgteachers\/schedule\/\" aria-label=\"Schedule\">Read More<\/a><\/p>\n","protected":false},"author":1,"featured_media":0,"parent":0,"menu_order":3,"comment_status":"closed","ping_status":"closed","template":"page-sidebar.php","meta":{"_mi_skip_tracking":false},"_links":{"self":[{"href":"https:\/\/triinlingiene.ee\/ttgteachers\/wp-json\/wp\/v2\/pages\/666"}],"collection":[{"href":"https:\/\/triinlingiene.ee\/ttgteachers\/wp-json\/wp\/v2\/pages"}],"about":[{"href":"https:\/\/triinlingiene.ee\/ttgteachers\/wp-json\/wp\/v2\/types\/page"}],"author":[{"embeddable":true,"href":"https:\/\/triinlingiene.ee\/ttgteachers\/wp-json\/wp\/v2\/users\/1"}],"replies":[{"embeddable":true,"href":"https:\/\/triinlingiene.ee\/ttgteachers\/wp-json\/wp\/v2\/comments?post=666"}],"version-history":[{"count":5,"href":"https:\/\/triinlingiene.ee\/ttgteachers\/wp-json\/wp\/v2\/pages\/666\/revisions"}],"predecessor-version":[{"id":1598,"href":"https:\/\/triinlingiene.ee\/ttgteachers\/wp-json\/wp\/v2\/pages\/666\/revisions\/1598"}],"wp:attachment":[{"href":"https:\/\/triinlingiene.ee\/ttgteachers\/wp-json\/wp\/v2\/media?parent=666"}],"curies":[{"name":"wp","href":"https:\/\/api.w.org\/{rel}","templated":true}]}}