{"id":8,"date":"2017-08-23T12:26:04","date_gmt":"2017-08-23T09:26:04","guid":{"rendered":"https:\/\/triinlingiene.ee\/ttgteachers\/?page_id=8"},"modified":"2017-09-21T19:02:04","modified_gmt":"2017-09-21T16:02:04","slug":"meist","status":"publish","type":"page","link":"https:\/\/triinlingiene.ee\/ttgteachers\/meist\/","title":{"rendered":"K\u00f5ik sai alguse sellest, et"},"content":{"rendered":"<p>&#8230; pea sada aastat tagasi polnud \u00fchel Veeriku Alevi Algkooli \u00f5petajal k\u00fclmemal ajal midagi selga panna. <a href=\"https:\/\/tammegymnaasium.ee\/\" target=\"_blank\" rel=\"noopener\">Tamme g\u00fcmnaasiumi kodulehel <\/a>seda siis veel kuulutada ei saanud ja seet\u00f5ttu otsustas kooli hoolekogu talle palitu osta \u2014 nii seisab meie kooli asutamist t\u00f5endavas \u00fcrikus.<\/p>\n<p>Hoolekogu protokollide raamatus 1919. Ent ammust t\u00e4htsat \u00fcrikut ennast varjati n\u00f5ukogude perioodil endise direktori p\u00f6\u00f6ningul, kuniks ta selle 2000.-ndatel koolile kinkis. Toonane Tartu V Keskkool m\u00f5istis siis, et kooli ajalugu ulatub kaugemale kui 1944.a loodud keskkool, mille j\u00e4rjepidevus \u00fclalmainitud algkooliga on \u00fcrikutes kirjas.<\/p>\n<p>Meie koolis on \u00f5ppinud palju-palju tavalisi inimesi, n\u00e4iteks kuus Teaduste Akadeemia akadeemikut, peaministrid M. Siimann ja A. Ansip, n\u00e4itlejad P. Kalda ja P. P\u00fcrg, laulja B. Murutar ja \u00f5petajad M. Pehk ning K. Loim. Vaadake meie kodulehe <a href=\"https:\/\/tammegymnaasium.ee\/vilistlased\/\" target=\"_blank\" rel=\"noopener\">vilistlaste lehte<\/a> \u00a0ja te m\u00f5istate, et terve Eesti elu tiirleb Tamme g\u00fcmnaasiumi \u00fcmber. Vilistlased omakorda teavad v\u00e4ga h\u00e4sti, kes oli <a href=\"https:\/\/tammegymnaasium.ee\/vilistlased\/irene-leisner\/\" target=\"_blank\" rel=\"noopener\">\u00f5p Irene Leisner<\/a> \u00a0ja <a href=\"https:\/\/www.youtube.com\/watch?v=VeWma6xpKcw\" target=\"_blank\" rel=\"noopener\">direktor Helve Raik<\/a>,\u00a0\u00a0kes veel praegugi koolil silma peal hoiab.<\/p>\n<p>Meie kooli rahval on vaid \u00fcks puudus \u2014 me ei saa ilma \u00fcksteiseta h\u00e4sti elada! Meie koolimajad on vahetunud, kuid v\u00f5rgustunud vaimuvara on pidev. See lihtsalt seob erinevate aegade asukohad r\u00f5\u00f5msaks oma tervikuks isegi siis kui kooli lubati nais\u00f5pilased (1954): Liini t\u00e4navalt (1919) N\u00e4ituse t\u00e4navale (1922), sealt Tamme pst 24a (1964) ning 2015. aastal Nooruse tn 9. Kuigi me oleme sellest ajast <a href=\"https:\/\/www.riigigymnaasiumid.ee\/\" target=\"_blank\" rel=\"noopener\">riigig\u00fcmnaasium <\/a>, v\u00f5ib arvata, et kolimisi tuleb kunagi veel. Aga me l\u00e4hme siis j\u00e4lle k\u00f5ik \u2014 kadunud ja elavad \u2014 koos ning koost\u00f6\u00f6s praeguse <a href=\"http:\/\/www.tamme.tartu.ee\/\" target=\"_blank\" rel=\"noopener\">Tamme Kooliga .\u00a0<\/a><\/p>\n<p>TTG-s on praegu <a href=\"https:\/\/tammegymnaasium.ee\/meie-kool-oppekorraldus-oppekava-oppesuunad\/\" target=\"_blank\" rel=\"noopener\">viis \u00f5ppesuunda<\/a>: \u00a0loodus-, meditsiini- kultuuri- (varem: humanitaar-), tehnoloogia- ja infotehnoloogiasuund. Esimene neist on \u00f5ige vanake, viimati nimetatud \u00f5ige nooreke ja seega on m\u00f5lemal keerukas end t\u00f5estada \u2014 kas sa ikka veel k\u00f5lbad v\u00f5i kas sinust asja saab. Aga vaadates me toredaid \u00f5pilasi ja vingeid tegemisi, me sellep\u00e4rast ei muretse. Nagunii p\u00f5imime siin oma erialasid \u00fchte ja l\u00f5imume nagu tantsu- ja laulupeol v\u00f5i orkestris, <a href=\"https:\/\/tammegymnaasium.ee\/?s=teadlaste\" target=\"_blank\" rel=\"noopener\">Teadlaste \u00d6\u00f6<\/a> korraldamisel , <a href=\"https:\/\/tammegymnaasium.ee\/kasvukuhik-kultuuripidu-meie-ouel\/\" target=\"_blank\" rel=\"noopener\">kultuuripeol <\/a>v\u00f5i <a href=\"https:\/\/tammegymnaasium.ee\/?s=spordi\" target=\"_blank\" rel=\"noopener\">spordiv\u00f5istlustel .<\/a><\/p>\n<p>Teatavasti on f\u00fc\u00fcsika ja bioloogia vahel keemia. Meile meeldib neid tundeid uurida ja kanda nagu ka kultuuri ja humanitaaria ning digimaailma rikkust. Rikkust, st s\u00f5pru meil selleks jagub, kooli head koost\u00f6\u00f6partnerid on mitmed k\u00f5rgkoolid ja asutused (nt T\u00dc \u2013 sh arstiteaduskond, kliinikum ja Humaniora valdkond , EM\u00dc, TT\u00dc, AHHAA, Rahvusarhiiv, Kirjandusmuuseum, Tartu Tervishoiu K\u00f5rgkool jpt). Vahel on hea targemate n\u00f5u abil end v\u00e4rskendada v\u00f5i moodsate teadusuuringutega tutvust tegema minna. Kujutage ette, osa partnereid on meist rikkamad ja toetavad lahkesti meie projekte (KIK, Archimedes\/ERF, Innove, Erasmus+), osa aga on suisa v\u00e4lismaal! Me p\u00fc\u00fcame mitte kedagi neist kutsuda unustada, kui koolimajas m\u00f5ni lahe \u00fcritus toimub&#8230;<\/p>\n<p>Kogu aeg me oma moodsas ja m\u00f5nusas koolimajas siiski ei viibi. \u00d5ppeaasta jooksul toimub k\u00f5igi \u00f5ppesuundade \u00f5pilastele mitmeid \u00f5pperetki, aga juuni algul on k\u00f5ik 10.-11. klassid n\u00e4dalakese v\u00e4lipraktikal. Nojah, meditsiini- ja IT-suunale t\u00e4hendab see projektit\u00f6\u00f6d ja t\u00f6\u00f6varjuprogrammi, aga teised \u00f5ppesuunad \u00f5pivad suisa <a href=\"https:\/\/tammegymnaasium.ee\/?s=praktika\" target=\"_blank\" rel=\"noopener\">metsas<\/a>. M\u00f5ned nimetavad seda t\u00e4nap\u00e4eval uueks \u00f5pik\u00e4situseks, mille teisi h\u00e4id k\u00fclgi meiegi n\u00fc\u00fcd tundma \u00f5pime. Muide, praktikate piltide lappamiseks varuge tunde ja tundeid l\u00e4bi pikkade aastate kulgemiseks.<\/p>\n<p>&nbsp;<\/p>\n","protected":false},"excerpt":{"rendered":"<p>&#8230; pea sada aastat tagasi polnud \u00fchel Veeriku Alevi Algkooli \u00f5petajal k\u00fclmemal ajal midagi selga panna. Tamme g\u00fcmnaasiumi kodulehel seda siis veel kuulutada ei saanud ja seet\u00f5ttu otsustas kooli hoolekogu talle palitu osta \u2014 nii seisab meie kooli asutamist t\u00f5endavas &hellip; <a class=\"kt-excerpt-readmore\" href=\"https:\/\/triinlingiene.ee\/ttgteachers\/meist\/\" aria-label=\"K\u00f5ik sai alguse sellest, et\">Read More<\/a><\/p>\n","protected":false},"author":1,"featured_media":231,"parent":0,"menu_order":2,"comment_status":"closed","ping_status":"closed","template":"page-sidebar.php","meta":{"_mi_skip_tracking":false},"_links":{"self":[{"href":"https:\/\/triinlingiene.ee\/ttgteachers\/wp-json\/wp\/v2\/pages\/8"}],"collection":[{"href":"https:\/\/triinlingiene.ee\/ttgteachers\/wp-json\/wp\/v2\/pages"}],"about":[{"href":"https:\/\/triinlingiene.ee\/ttgteachers\/wp-json\/wp\/v2\/types\/page"}],"author":[{"embeddable":true,"href":"https:\/\/triinlingiene.ee\/ttgteachers\/wp-json\/wp\/v2\/users\/1"}],"replies":[{"embeddable":true,"href":"https:\/\/triinlingiene.ee\/ttgteachers\/wp-json\/wp\/v2\/comments?post=8"}],"version-history":[{"count":5,"href":"https:\/\/triinlingiene.ee\/ttgteachers\/wp-json\/wp\/v2\/pages\/8\/revisions"}],"predecessor-version":[{"id":233,"href":"https:\/\/triinlingiene.ee\/ttgteachers\/wp-json\/wp\/v2\/pages\/8\/revisions\/233"}],"wp:featuredmedia":[{"embeddable":true,"href":"https:\/\/triinlingiene.ee\/ttgteachers\/wp-json\/wp\/v2\/media\/231"}],"wp:attachment":[{"href":"https:\/\/triinlingiene.ee\/ttgteachers\/wp-json\/wp\/v2\/media?parent=8"}],"curies":[{"name":"wp","href":"https:\/\/api.w.org\/{rel}","templated":true}]}}