{"id":81,"date":"2017-08-28T12:58:35","date_gmt":"2017-08-28T09:58:35","guid":{"rendered":"https:\/\/triinlingiene.ee\/ttgteachers\/?page_id=81"},"modified":"2019-10-12T20:27:31","modified_gmt":"2019-10-12T17:27:31","slug":"ajakava","status":"publish","type":"page","link":"https:\/\/triinlingiene.ee\/ttgteachers\/ajakava\/","title":{"rendered":"Ajakava"},"content":{"rendered":"<h4><span style=\"color: #333333;\">2017\/2018 \u00f5a<\/span><\/h4>\n<p><span style=\"color: #333333;\"><strong>September:\u00a0 <\/strong>projektijuhtimise tegevused;\u00a0 projekti kodulehe kavandamine;\u00a0 \u00f5pir\u00e4nde sisekoolitus<\/span><\/p>\n<p><strong>Oktoober<\/strong>:\u00f5pir\u00e4nne M\u00e1lagasse (Hispaania hariduss\u00fcsteemi, uuenduslike \u00f5ppekavade, \u00f5ppemeetodite ja \u00f5petamispraktikatega tutvumine;\u00a0 Euroopa koolide esindajatega kontaktide loomine v\u00f5imaliku tulevase koost\u00f6\u00f6 arendamiseks)<\/p>\n<p><a href=\"https:\/\/triinlingiene.ee\/ttgteachers\/wp-content\/uploads\/2017\/08\/Final_groupA.jpg\"><img loading=\"lazy\" class=\"alignnone size-large wp-image-255\" src=\"https:\/\/triinlingiene.ee\/ttgteachers\/wp-content\/uploads\/2017\/08\/Final_groupA-1024x541.jpg\" alt=\"\" width=\"1024\" height=\"541\" data-id=\"255\" srcset=\"https:\/\/triinlingiene.ee\/ttgteachers\/wp-content\/uploads\/2017\/08\/Final_groupA.jpg 1024w, https:\/\/triinlingiene.ee\/ttgteachers\/wp-content\/uploads\/2017\/08\/Final_groupA-300x158.jpg 300w, https:\/\/triinlingiene.ee\/ttgteachers\/wp-content\/uploads\/2017\/08\/Final_groupA-768x406.jpg 768w\" sizes=\"(max-width: 1024px) 100vw, 1024px\" \/><\/a><\/p>\n<p><span style=\"color: #808080;\"><span style=\"color: #333333;\"><strong>November<\/strong>: levitustegevused; projekti kodulehe arendamine<\/span><\/span><\/p>\n<p><span style=\"color: #333333;\"><strong>Detsember<\/strong>: projektijuhtimise tegevused; esimene vahehindamine<\/span><\/p>\n<p><span style=\"color: #333333;\"><strong>Jaanuar<\/strong>: \u00f5pir\u00e4nde sisekoolitus; uue \u00f5ppevara arendamine<\/span><\/p>\n<p><span style=\"color: #333333;\"><strong>Veebruar<\/strong>: \u00f5pir\u00e4nne Bolognasse koolitusele \u201eIntegrating ICT and new technologies into teaching and education\u201c (IFOM );\u00a0 Itaalia\u00a0 hariduss\u00fcsteemi, koolide parimate praktikatega tutvumine ja \u00f5petajate ning \u00f5pilaste digip\u00e4devuste arendamise aktuaalsete suundumuste ning meetodite p\u00f5hjalik tundma\u00f5ppimine; k\u00fclastatavate koolide ja teiste Euroopa koolide esindajatega kontaktide loomine v\u00f5imaliku tulevase koost\u00f6\u00f6 arendamiseks<\/span><\/p>\n<p><a href=\"https:\/\/triinlingiene.ee\/ttgteachers\/wp-content\/uploads\/2018\/05\/Bologna.jpg\"><img loading=\"lazy\" class=\"alignnone wp-image-607 size-large\" src=\"https:\/\/triinlingiene.ee\/ttgteachers\/wp-content\/uploads\/2018\/05\/Bologna-1024x576.jpg\" alt=\"\" width=\"1024\" height=\"576\" data-id=\"607\" srcset=\"https:\/\/triinlingiene.ee\/ttgteachers\/wp-content\/uploads\/2018\/05\/Bologna-1024x576.jpg 1024w, https:\/\/triinlingiene.ee\/ttgteachers\/wp-content\/uploads\/2018\/05\/Bologna-300x169.jpg 300w, https:\/\/triinlingiene.ee\/ttgteachers\/wp-content\/uploads\/2018\/05\/Bologna-768x432.jpg 768w, https:\/\/triinlingiene.ee\/ttgteachers\/wp-content\/uploads\/2018\/05\/Bologna.jpg 1845w\" sizes=\"(max-width: 1024px) 100vw, 1024px\" \/><\/a><\/p>\n<p><span style=\"color: #333333;\"><strong>M\u00e4rts<\/strong>:\u00a0 levitustegevused; projekti koduehe arendamine<\/span><\/p>\n<p><span style=\"color: #333333;\"><strong>Aprill<\/strong>:\u00a0 \u00f5pir\u00e4nne Budapesti koolitusele \u201eBasic immunology and in vitro pharmacology\u201c;\u00a0 intensiivne \u00f5ppet\u00f6\u00f6 teaduslaboris tippteadlaste k\u00e4e all (osaleb kaks loodussuuna \u00f5petajat)<\/span><\/p>\n<figure id=\"attachment_577\" class=\"thumbnail wp-caption alignnone\" style=\"width: 4608px\"><a href=\"https:\/\/triinlingiene.ee\/ttgteachers\/wp-content\/uploads\/2018\/04\/Ungari_grupipilt_veebi.jpg\"><img loading=\"lazy\" class=\"size-full wp-image-577\" src=\"https:\/\/triinlingiene.ee\/ttgteachers\/wp-content\/uploads\/2018\/04\/Ungari_grupipilt_veebi.jpg\" alt=\"\" width=\"4608\" height=\"3456\" data-id=\"577\" srcset=\"https:\/\/triinlingiene.ee\/ttgteachers\/wp-content\/uploads\/2018\/04\/Ungari_grupipilt_veebi.jpg 4608w, https:\/\/triinlingiene.ee\/ttgteachers\/wp-content\/uploads\/2018\/04\/Ungari_grupipilt_veebi-300x225.jpg 300w, https:\/\/triinlingiene.ee\/ttgteachers\/wp-content\/uploads\/2018\/04\/Ungari_grupipilt_veebi-768x576.jpg 768w, https:\/\/triinlingiene.ee\/ttgteachers\/wp-content\/uploads\/2018\/04\/Ungari_grupipilt_veebi-1024x768.jpg 1024w\" sizes=\"(max-width: 4608px) 100vw, 4608px\" \/><\/a><figcaption class=\"caption wp-caption-text\"><em>Meie peamised juhendajad, paremalt: Endre Mikus, Olga Losonczi, Agnes Hajnal\u2019i. Keskel labori\u00f5ppurid Aleksandr Kirpu ja Urmas Tokko.<\/em><\/figcaption><\/figure>\n<p>Vaata veel <a href=\"https:\/\/tammegymnaasium.ee\/laborioppel-budapestis\/\">uudist Tamme g\u00fcmnaasiumi kodulehel<\/a>, millelt l\u00e4hevad ka lingid projekti ajaveebi sissekannetele.<\/p>\n<p><strong>Mai<\/strong>: uue \u00f5ppevara arendamine; projektijuhtimise tegevused<\/p>\n<p><strong>Juuni<\/strong>: TTG arendust\u00f6\u00f6 ja rahvusvahelise koost\u00f6\u00f6 arengukava t\u00f6\u00f6gruppide arutelud ja kooli juhtkonna tagasiside; teine vahehindamine<\/p>\n<p><span style=\"color: #333333;\"><strong>Juuli<\/strong>: \u00f5pir\u00e4nded Cambridge&#8217;i\u00a0 koolitustele: &#8220;Expert Teaching&#8221; juuli alguses &#8230;<br \/>\n<\/span><\/p>\n<p><a href=\"https:\/\/triinlingiene.ee\/ttgteachers\/wp-content\/uploads\/2018\/07\/IMG_20180713_122045.jpg\"><img loading=\"lazy\" class=\"alignnone size-full wp-image-840\" src=\"https:\/\/triinlingiene.ee\/ttgteachers\/wp-content\/uploads\/2018\/07\/IMG_20180713_122045.jpg\" alt=\"\" width=\"1024\" height=\"643\" data-id=\"840\" srcset=\"https:\/\/triinlingiene.ee\/ttgteachers\/wp-content\/uploads\/2018\/07\/IMG_20180713_122045.jpg 1024w, https:\/\/triinlingiene.ee\/ttgteachers\/wp-content\/uploads\/2018\/07\/IMG_20180713_122045-300x188.jpg 300w, https:\/\/triinlingiene.ee\/ttgteachers\/wp-content\/uploads\/2018\/07\/IMG_20180713_122045-768x482.jpg 768w, https:\/\/triinlingiene.ee\/ttgteachers\/wp-content\/uploads\/2018\/07\/IMG_20180713_122045-80x50.jpg 80w\" sizes=\"(max-width: 1024px) 100vw, 1024px\" \/><\/a><\/p>\n<p>&#8230; ja \u201eTeaching Exam Classes\u201c juuli l\u00f5pus-augusti alguses; v\u00f5\u00f5rkeelte \u00f5petamise aktuaalsete suundumuste p\u00f5hjalik tundma\u00f5ppimine, praktilised inglise keele kui v\u00f5\u00f5rkeele \u00f5petamise metoodika t\u00f6\u00f6toad eksamiklasside ja kombineeritud \u00f5ppe kontekstis<\/p>\n<p><a href=\"https:\/\/triinlingiene.ee\/ttgteachers\/wp-content\/uploads\/2018\/08\/ExamClasses.jpg\"><img loading=\"lazy\" class=\"aligncenter size-full wp-image-892\" src=\"https:\/\/triinlingiene.ee\/ttgteachers\/wp-content\/uploads\/2018\/08\/ExamClasses.jpg\" alt=\"\" width=\"1024\" height=\"736\" data-id=\"892\" srcset=\"https:\/\/triinlingiene.ee\/ttgteachers\/wp-content\/uploads\/2018\/08\/ExamClasses.jpg 1024w, https:\/\/triinlingiene.ee\/ttgteachers\/wp-content\/uploads\/2018\/08\/ExamClasses-300x216.jpg 300w, https:\/\/triinlingiene.ee\/ttgteachers\/wp-content\/uploads\/2018\/08\/ExamClasses-768x552.jpg 768w\" sizes=\"(max-width: 1024px) 100vw, 1024px\" \/><\/a><\/p>\n<p>&nbsp;<\/p>\n<p><span style=\"color: #333333;\"><strong>August<\/strong>: projekti kodulehe arendamine<\/span><\/p>\n<h4><span style=\"color: #333333;\">2018\/2019 \u00f5a<\/span><\/h4>\n<p><span style=\"color: #333333;\"><strong>September<\/strong>: levitustegevused; projektijuhtimise tegevused<\/span><\/p>\n<p><span style=\"color: #333333;\"><strong>Oktoober<\/strong>: uue \u00f5ppevara arendamine ja testimine; avatud tunnid<br \/>\n<\/span><\/p>\n<p><span style=\"color: #333333;\"><strong>November<\/strong>: uue \u00f5ppevara arendamine ja testimine; avatud tunnid<br \/>\n<\/span><\/p>\n<p><span style=\"color: #333333;\"><strong>Detsember<\/strong>: levitustegevused; projektijuhtimise tegevused; kolmas vahehindamine<\/span><\/p>\n<p><span style=\"color: #333333;\"><strong>Jaanuar<\/strong>: \u00f5pir\u00e4nde ettevalmistuskoolitus; uue \u00f5ppevara arendamine<\/span><\/p>\n<p><span style=\"color: #333333;\"><strong>Veebruar<\/strong>: \u00f5ppek\u00e4ik Dublinisse;\u00a0 Iiri hariduss\u00fcsteemi, uuenduslike \u00f5ppekavade, \u00f5ppemeetodite ja \u00f5petamispraktikatega tutvumine;\u00a0 Euroopa koolide esindajatega kontaktide loomine v\u00f5imaliku tulevase koost\u00f6\u00f6 arendamiseks (osaleb kaks meditsiinisuuna \u00f5petajat)<br \/>\n<\/span><\/p>\n<p><a href=\"https:\/\/triinlingiene.ee\/ttgteachers\/wp-content\/uploads\/2019\/03\/group-5.jpg\" target=\"_blank\" rel=\"noopener noreferrer\"><img loading=\"lazy\" class=\"aligncenter wp-image-965 size-full\" src=\"https:\/\/triinlingiene.ee\/ttgteachers\/wp-content\/uploads\/2019\/03\/group-5.jpg\" alt=\"\" width=\"1024\" height=\"575\" data-id=\"965\" srcset=\"https:\/\/triinlingiene.ee\/ttgteachers\/wp-content\/uploads\/2019\/03\/group-5.jpg 1024w, https:\/\/triinlingiene.ee\/ttgteachers\/wp-content\/uploads\/2019\/03\/group-5-300x168.jpg 300w, https:\/\/triinlingiene.ee\/ttgteachers\/wp-content\/uploads\/2019\/03\/group-5-768x431.jpg 768w\" sizes=\"(max-width: 1024px) 100vw, 1024px\" \/><\/a><\/p>\n<p><span style=\"color: #333333;\"><strong>M\u00e4rts<\/strong>: \u00f5ppek\u00e4ik\u00a0 Reykjavikki;\u00a0 Islandi hariduss\u00fcsteemi, uuenduslike \u00f5ppekavade, \u00f5ppemeetodite ja \u00f5petamispraktikatega tutvumine; Euroopa koolide esindajatega kontaktide loomine v\u00f5imaliku tulevase koost\u00f6\u00f6 arendamiseks (osaleb kaks kultuurisuuna \u00f5petajat)<\/span><\/p>\n<p><a href=\"https:\/\/triinlingiene.ee\/ttgteachers\/wp-content\/uploads\/2019\/05\/IMG_2563.jpg\" target=\"_blank\" rel=\"noopener noreferrer\"><img loading=\"lazy\" class=\"aligncenter wp-image-997 size-full\" src=\"https:\/\/triinlingiene.ee\/ttgteachers\/wp-content\/uploads\/2019\/05\/IMG_2563.jpg\" alt=\"\" width=\"4032\" height=\"3024\" data-id=\"997\" srcset=\"https:\/\/triinlingiene.ee\/ttgteachers\/wp-content\/uploads\/2019\/05\/IMG_2563.jpg 4032w, https:\/\/triinlingiene.ee\/ttgteachers\/wp-content\/uploads\/2019\/05\/IMG_2563-300x225.jpg 300w, https:\/\/triinlingiene.ee\/ttgteachers\/wp-content\/uploads\/2019\/05\/IMG_2563-768x576.jpg 768w, https:\/\/triinlingiene.ee\/ttgteachers\/wp-content\/uploads\/2019\/05\/IMG_2563-1024x768.jpg 1024w\" sizes=\"(max-width: 4032px) 100vw, 4032px\" \/><\/a><\/p>\n<p><span style=\"color: #333333;\"><strong>Aprill<\/strong>: levitustegevused;\u00a0 projekti veebisaidi arendamine<\/span><\/p>\n<p><span style=\"color: #333333;\"><strong>Mai<\/strong>: uue \u00f5ppevara arendamine, testimine ja avatud tunnid; filmiprojekt<\/span><\/p>\n<p><span style=\"color: #333333;\"><strong>Juuni<\/strong>: TTG arendust\u00f6\u00f6 ja rahvusvahelise koost\u00f6\u00f6 arengukava t\u00f6\u00f6gruppide arutelud ja kooli juhtkonna tagasiside; tegevuskava v\u00e4ljat\u00f6\u00f6tamine uue \u00f5ppevara l\u00fclitamiseks TTG \u00f5ppekavasse<\/span><\/p>\n<p><span style=\"color: #333333;\"><strong>Juuli<\/strong>: projekti veebisaidi l\u00f5petamine ja bro\u0161\u00fc\u00fcri\u00a0 &#8220;Uue \u00f5pik\u00e4situse nipiraamat heale \u00f5petajale&#8221; koostamine<\/span><\/p>\n<p><span style=\"color: #333333;\"><strong>August<\/strong>: projekti tulemuste ja m\u00f5ju l\u00f5plik hindamine<\/span><\/p>\n","protected":false},"excerpt":{"rendered":"<p>2017\/2018 \u00f5a September:\u00a0 projektijuhtimise tegevused;\u00a0 projekti kodulehe kavandamine;\u00a0 \u00f5pir\u00e4nde sisekoolitus Oktoober:\u00f5pir\u00e4nne M\u00e1lagasse (Hispaania hariduss\u00fcsteemi, uuenduslike \u00f5ppekavade, \u00f5ppemeetodite ja \u00f5petamispraktikatega tutvumine;\u00a0 Euroopa koolide esindajatega kontaktide loomine v\u00f5imaliku tulevase koost\u00f6\u00f6 arendamiseks) November: levitustegevused; projekti kodulehe arendamine Detsember: projektijuhtimise tegevused; esimene vahehindamine Jaanuar: &hellip; <a class=\"kt-excerpt-readmore\" href=\"https:\/\/triinlingiene.ee\/ttgteachers\/ajakava\/\" aria-label=\"Ajakava\">Read More<\/a><\/p>\n","protected":false},"author":1,"featured_media":0,"parent":0,"menu_order":3,"comment_status":"closed","ping_status":"closed","template":"page-sidebar.php","meta":{"_mi_skip_tracking":false},"_links":{"self":[{"href":"https:\/\/triinlingiene.ee\/ttgteachers\/wp-json\/wp\/v2\/pages\/81"}],"collection":[{"href":"https:\/\/triinlingiene.ee\/ttgteachers\/wp-json\/wp\/v2\/pages"}],"about":[{"href":"https:\/\/triinlingiene.ee\/ttgteachers\/wp-json\/wp\/v2\/types\/page"}],"author":[{"embeddable":true,"href":"https:\/\/triinlingiene.ee\/ttgteachers\/wp-json\/wp\/v2\/users\/1"}],"replies":[{"embeddable":true,"href":"https:\/\/triinlingiene.ee\/ttgteachers\/wp-json\/wp\/v2\/comments?post=81"}],"version-history":[{"count":5,"href":"https:\/\/triinlingiene.ee\/ttgteachers\/wp-json\/wp\/v2\/pages\/81\/revisions"}],"predecessor-version":[{"id":1597,"href":"https:\/\/triinlingiene.ee\/ttgteachers\/wp-json\/wp\/v2\/pages\/81\/revisions\/1597"}],"wp:attachment":[{"href":"https:\/\/triinlingiene.ee\/ttgteachers\/wp-json\/wp\/v2\/media?parent=81"}],"curies":[{"name":"wp","href":"https:\/\/api.w.org\/{rel}","templated":true}]}}