{"id":812,"date":"2018-07-11T14:52:53","date_gmt":"2018-07-11T11:52:53","guid":{"rendered":"https:\/\/triinlingiene.ee\/ttgteachers\/?page_id=812"},"modified":"2019-08-28T11:31:16","modified_gmt":"2019-08-28T08:31:16","slug":"learning-journey-to-reykjavik","status":"publish","type":"page","link":"https:\/\/triinlingiene.ee\/ttgteachers\/blog\/learning-journey-to-reykjavik\/","title":{"rendered":"Staff mobility to Reykjavik"},"content":{"rendered":"<h5>March 2019, Agnes Vask (teacher of physics) and Ott Maidre (teacher of biology) travelled to Iceland in order to go on the third structured educational visit of this project. The mobility activities were carried out in Reykjavik under the guidance of <a href=\"https:\/\/www.englishmatters.org\/index.php\/courses\/erasmus_plus\/educational-visit-iceland\" target=\"_blank\" rel=\"noopener noreferrer\">English Matters<\/a>.<\/h5>\n<p>Every participant got a detailed overview of the Icelandic educational system and learned to know three different types of schools: <a href=\"https:\/\/haaleitisskoli.grunnskolar.is\/\" target=\"_blank\" rel=\"noopener noreferrer\">H\u00e1aleitissk\u00f3li \u00c1lftam\u00fdri<\/a>, <a href=\"https:\/\/www.msund.is\/\" target=\"_blank\" rel=\"noopener noreferrer\">Menntask\u00f3lans vi\u00f0 Sund<\/a> and <a href=\"http:\/\/flensborg.is\/\" target=\"_blank\" rel=\"noopener noreferrer\">Flensborgarsk\u00f3linn<\/a>.<\/p>\n<p>The Icelandic school system strongly supports student self-management skills in the learning process. A student learns a\u00a0 teacher facilitates and provides their students with learning materials. Learning environment is pleasant and flexible enough to meet every student&#8217;s individual needs.<\/p>\n<p>The majority of the Icelandic upper secondary schools have adopted a course-based curriculum. So instead of traditional single-grade classes, upper secondary students choose their own study program, just the way university students do. This type of system doesn\u2019t support a sense of togetherness between fellow students, but it does create a much friendlier atmosphere anyway.<\/p>\n<p>By visiting the three schools mentioned above, we realized that the Icelandic educational system enables schools to design their own curricula, so their students would be more motivated to complete their education. This a rather drastic change proves that if the system is not working, one has to fix it.\u00a0 Priority should be given to people rather than abstract ideas.<\/p>\n<h4>\u00deakka \u00fe\u00e9r fyrir!<\/h4>\n<p>&nbsp;<\/p>\n<p><a href=\"https:\/\/triinlingiene.ee\/ttgteachers\/wp-content\/uploads\/2019\/08\/IMG_2563.jpg\" target=\"_blank\" rel=\"noopener noreferrer\"><img loading=\"lazy\" class=\"alignleft wp-image-1210\" src=\"https:\/\/triinlingiene.ee\/ttgteachers\/wp-content\/uploads\/2019\/08\/IMG_2563-300x225.jpg\" alt=\"\" width=\"204\" height=\"153\" data-id=\"1210\" srcset=\"https:\/\/triinlingiene.ee\/ttgteachers\/wp-content\/uploads\/2019\/08\/IMG_2563-300x225.jpg 300w, https:\/\/triinlingiene.ee\/ttgteachers\/wp-content\/uploads\/2019\/08\/IMG_2563-768x576.jpg 768w, https:\/\/triinlingiene.ee\/ttgteachers\/wp-content\/uploads\/2019\/08\/IMG_2563-1024x768.jpg 1024w\" sizes=\"(max-width: 204px) 100vw, 204px\" \/><\/a> <a href=\"https:\/\/triinlingiene.ee\/ttgteachers\/wp-content\/uploads\/2019\/08\/IMG_20190323_112228.jpg\" target=\"_blank\" rel=\"noopener noreferrer\"><img loading=\"lazy\" class=\"alignleft wp-image-1211\" src=\"https:\/\/triinlingiene.ee\/ttgteachers\/wp-content\/uploads\/2019\/08\/IMG_20190323_112228-300x214.jpg\" alt=\"\" width=\"192\" height=\"137\" data-id=\"1211\" srcset=\"https:\/\/triinlingiene.ee\/ttgteachers\/wp-content\/uploads\/2019\/08\/IMG_20190323_112228-300x214.jpg 300w, https:\/\/triinlingiene.ee\/ttgteachers\/wp-content\/uploads\/2019\/08\/IMG_20190323_112228-768x549.jpg 768w, https:\/\/triinlingiene.ee\/ttgteachers\/wp-content\/uploads\/2019\/08\/IMG_20190323_112228-1024x732.jpg 1024w\" sizes=\"(max-width: 192px) 100vw, 192px\" \/><\/a> <a href=\"https:\/\/triinlingiene.ee\/ttgteachers\/wp-content\/uploads\/2019\/08\/IMG_2603.jpg\" target=\"_blank\" rel=\"noopener noreferrer\"><img loading=\"lazy\" class=\"alignleft wp-image-1212\" src=\"https:\/\/triinlingiene.ee\/ttgteachers\/wp-content\/uploads\/2019\/08\/IMG_2603-300x225.jpg\" alt=\"\" width=\"178\" height=\"133\" data-id=\"1212\" srcset=\"https:\/\/triinlingiene.ee\/ttgteachers\/wp-content\/uploads\/2019\/08\/IMG_2603-300x225.jpg 300w, https:\/\/triinlingiene.ee\/ttgteachers\/wp-content\/uploads\/2019\/08\/IMG_2603-768x576.jpg 768w, https:\/\/triinlingiene.ee\/ttgteachers\/wp-content\/uploads\/2019\/08\/IMG_2603-1024x768.jpg 1024w\" sizes=\"(max-width: 178px) 100vw, 178px\" \/><\/a> <a href=\"https:\/\/triinlingiene.ee\/ttgteachers\/wp-content\/uploads\/2019\/08\/IMG_20190320_170201.jpg\" target=\"_blank\" rel=\"noopener noreferrer\"><img loading=\"lazy\" class=\"alignleft wp-image-1213\" src=\"https:\/\/triinlingiene.ee\/ttgteachers\/wp-content\/uploads\/2019\/08\/IMG_20190320_170201-300x169.jpg\" alt=\"\" width=\"186\" height=\"105\" data-id=\"1213\" srcset=\"https:\/\/triinlingiene.ee\/ttgteachers\/wp-content\/uploads\/2019\/08\/IMG_20190320_170201-300x169.jpg 300w, https:\/\/triinlingiene.ee\/ttgteachers\/wp-content\/uploads\/2019\/08\/IMG_20190320_170201-768x432.jpg 768w, https:\/\/triinlingiene.ee\/ttgteachers\/wp-content\/uploads\/2019\/08\/IMG_20190320_170201-1024x576.jpg 1024w\" sizes=\"(max-width: 186px) 100vw, 186px\" \/><\/a><\/p>\n<p>&nbsp;<\/p>\n","protected":false},"excerpt":{"rendered":"<p>March 2019, Agnes Vask (teacher of physics) and Ott Maidre (teacher of biology) travelled to Iceland in order to go on the third structured educational visit of this project. The mobility activities were carried out in Reykjavik under the guidance &hellip; <a class=\"kt-excerpt-readmore\" href=\"https:\/\/triinlingiene.ee\/ttgteachers\/blog\/learning-journey-to-reykjavik\/\" aria-label=\"Staff mobility to Reykjavik\">Read More<\/a><\/p>\n","protected":false},"author":1,"featured_media":0,"parent":669,"menu_order":6,"comment_status":"closed","ping_status":"closed","template":"page-sidebar.php","meta":{"_mi_skip_tracking":false},"_links":{"self":[{"href":"https:\/\/triinlingiene.ee\/ttgteachers\/wp-json\/wp\/v2\/pages\/812"}],"collection":[{"href":"https:\/\/triinlingiene.ee\/ttgteachers\/wp-json\/wp\/v2\/pages"}],"about":[{"href":"https:\/\/triinlingiene.ee\/ttgteachers\/wp-json\/wp\/v2\/types\/page"}],"author":[{"embeddable":true,"href":"https:\/\/triinlingiene.ee\/ttgteachers\/wp-json\/wp\/v2\/users\/1"}],"replies":[{"embeddable":true,"href":"https:\/\/triinlingiene.ee\/ttgteachers\/wp-json\/wp\/v2\/comments?post=812"}],"version-history":[{"count":5,"href":"https:\/\/triinlingiene.ee\/ttgteachers\/wp-json\/wp\/v2\/pages\/812\/revisions"}],"predecessor-version":[{"id":1293,"href":"https:\/\/triinlingiene.ee\/ttgteachers\/wp-json\/wp\/v2\/pages\/812\/revisions\/1293"}],"up":[{"embeddable":true,"href":"https:\/\/triinlingiene.ee\/ttgteachers\/wp-json\/wp\/v2\/pages\/669"}],"wp:attachment":[{"href":"https:\/\/triinlingiene.ee\/ttgteachers\/wp-json\/wp\/v2\/media?parent=812"}],"curies":[{"name":"wp","href":"https:\/\/api.w.org\/{rel}","templated":true}]}}