{"id":95,"date":"2017-08-28T13:24:38","date_gmt":"2017-08-28T10:24:38","guid":{"rendered":"https:\/\/triinlingiene.ee\/ttgteachers\/?page_id=95"},"modified":"2019-08-24T13:34:45","modified_gmt":"2019-08-24T10:34:45","slug":"malaga","status":"publish","type":"page","link":"https:\/\/triinlingiene.ee\/ttgteachers\/opiranded\/malaga\/","title":{"rendered":"Esimene ja teine \u00f5pir\u00e4nne"},"content":{"rendered":"<h5>2017.a\u00a0 oktoobrikuus s\u00f5itsid Hispaaniasse haridustehnoloog Tuuli Tomson ning inglise keele \u00f5petaja Triin Lingiene, et osaleda hariduslikul \u00f5ppek\u00e4igul M\u00e1lagas. See oli meie esimene koost\u00f6\u00f6 English Matters\u2019i kogenud ja energilise meeskonnaga.<\/h5>\n<p>Tiheda programmi k\u00e4igus k\u00fclastasime kolme kooli:<a href=\"http:\/\/iesbezmiliana.es\/\" target=\"_blank\" rel=\"noopener noreferrer\"> IES Bezmiliana<\/a>,<a href=\"https:\/\/www.iesfuengirola1.net\/index.php\/component\/content\/featured\" target=\"_blank\" rel=\"noopener noreferrer\"> IES Fuengirola No 1<\/a> ja <a href=\"https:\/\/malaga.salesianos.edu\/\" target=\"_blank\" rel=\"noopener noreferrer\">Salesianos M\u00e1laga &#8211; CDP &#8220;San Bartolome&#8221;<\/a>\u00a0 Kui kaks esimest olid puhtad riigikoolid, siis kolmanda n\u00e4ol oli tegemist katoliku erakooliga, mida toetab osaliselt ka riik. Vaatlesime tunde, r\u00e4\u00e4kisime \u00f5petajate ja \u00f5pilastega ning v\u00f5rdlesime \u00fcksteise praktikaid. M\u00e4rkasime koolipere \u00fchtsust, loomingulist ja vaba \u00f5hkkonda ning t\u00f5husaid tugistruktuure. Meile selgitati, et kooli eesm\u00e4rk on pigem \u00f5pilaste heaolu tagamine kui silmapaistvate \u00f5pitulemuste saavutamine.<\/p>\n<p>Hispaania hariduss\u00fcsteem ja kultuur on omavahel tihedamalt seotud kui Eestis.\u00a0 Teise erinevusena tooksime v\u00e4lja Hispaania autonoomsete piirkondade vaba voli oma hariduspoliitikaid ise suunata. N\u00e4iteks\u00a0<a href=\"https:\/\/triinlingiene.ee\/ttgteachers\/wp-content\/uploads\/2017\/08\/Education_Andalusia_2017-2018_Antonio_Blanca.pdf\" target=\"_blank\" rel=\"noopener noreferrer\">Andaluusia hariduss\u00fcsteem<\/a>\u00a0 on \u00fcsna erip\u00e4rane. Teisalt oleme \u00fchtmoodi mures \u00f5petaja elukutse, \u00f5ppekava rohkete muutuste ja \u00fchiskonna liiga k\u00f5rgete n\u00f5udmiste p\u00e4rast.<\/p>\n<p>Kokkuv\u00f5ttes olid meie p\u00e4evad t\u00e4is p\u00e4ikest, kaunist loodust ja rikast kultuuri. \u00d5ppisime paremini tundma Andaluusiast p\u00e4rit Pablo Picasso ja Federico Garc\u00eda Lorca loodut ning imetlesime Granadas asuva Alhambra ja Generalife s\u00f5nukirjeldamatult kauneid vaateid. Loomulikult sai k\u00e4idud ka Alcazaba kindluses ja uuritud Rooma amfiteatri varemeid.<\/p>\n<p>J\u00f5udsime koju teadmisega, et \u00f5petajate mured ja r\u00f5\u00f5mud on v\u00e4ga sarnased kogu maailmas.<\/p>\n<h5>Muchas gracias!<\/h5>\n<p><span style=\"font-family: 'Arial',sans-serif;\">\u00a0<\/span><\/p>\n<table style=\"width: 97.113%;\">\n<tbody>\n<tr>\n<td style=\"width: 35.4141%;\"><a href=\"https:\/\/triinlingiene.ee\/ttgteachers\/wp-content\/uploads\/2017\/11\/Gibralfaro-1.jpg\"><img loading=\"lazy\" class=\"alignnone wp-image-404 \" src=\"https:\/\/triinlingiene.ee\/ttgteachers\/wp-content\/uploads\/2017\/11\/Gibralfaro-1-300x169.jpg\" alt=\"\" width=\"294\" height=\"165\" data-id=\"404\" srcset=\"https:\/\/triinlingiene.ee\/ttgteachers\/wp-content\/uploads\/2017\/11\/Gibralfaro-1-300x169.jpg 300w, https:\/\/triinlingiene.ee\/ttgteachers\/wp-content\/uploads\/2017\/11\/Gibralfaro-1-768x432.jpg 768w, https:\/\/triinlingiene.ee\/ttgteachers\/wp-content\/uploads\/2017\/11\/Gibralfaro-1.jpg 1024w\" sizes=\"(max-width: 294px) 100vw, 294px\" \/><\/a><\/td>\n<td style=\"width: 29.4742%;\"><a href=\"https:\/\/triinlingiene.ee\/ttgteachers\/wp-content\/uploads\/2017\/11\/Gran_Alhambra.jpg\"><img loading=\"lazy\" class=\"aligncenter wp-image-265\" src=\"https:\/\/triinlingiene.ee\/ttgteachers\/wp-content\/uploads\/2017\/11\/Gran_Alhambra-300x169.jpg\" alt=\"\" width=\"297\" height=\"167\" data-id=\"265\" \/><\/a><\/td>\n<td style=\"width: 52.5564%;\"><a href=\"https:\/\/triinlingiene.ee\/ttgteachers\/wp-content\/uploads\/2017\/08\/Collage1.jpg\"><img loading=\"lazy\" class=\"alignleft wp-image-252\" src=\"https:\/\/triinlingiene.ee\/ttgteachers\/wp-content\/uploads\/2017\/08\/Collage1-300x169.jpg\" alt=\"\" width=\"295\" height=\"166\" data-id=\"252\" srcset=\"https:\/\/triinlingiene.ee\/ttgteachers\/wp-content\/uploads\/2017\/08\/Collage1-300x169.jpg 300w, https:\/\/triinlingiene.ee\/ttgteachers\/wp-content\/uploads\/2017\/08\/Collage1-768x432.jpg 768w, https:\/\/triinlingiene.ee\/ttgteachers\/wp-content\/uploads\/2017\/08\/Collage1.jpg 1024w\" sizes=\"(max-width: 295px) 100vw, 295px\" \/><\/a><\/td>\n<\/tr>\n<\/tbody>\n<\/table>\n<p>&nbsp;<\/p>\n<p><span style=\"font-family: 'Arial',sans-serif;\">\u00a0<\/span><\/p>\n<p style=\"background: white; margin: 0cm 0cm 7.5pt 0cm;\"><span style=\"font-family: 'Arial',sans-serif;\">\u00a0<\/span><\/p>\n","protected":false},"excerpt":{"rendered":"<p>2017.a\u00a0 oktoobrikuus s\u00f5itsid Hispaaniasse haridustehnoloog Tuuli Tomson ning inglise keele \u00f5petaja Triin Lingiene, et osaleda hariduslikul \u00f5ppek\u00e4igul M\u00e1lagas. See oli meie esimene koost\u00f6\u00f6 English Matters\u2019i kogenud ja energilise meeskonnaga. Tiheda programmi k\u00e4igus k\u00fclastasime kolme kooli: IES Bezmiliana, IES Fuengirola No &hellip; <a class=\"kt-excerpt-readmore\" href=\"https:\/\/triinlingiene.ee\/ttgteachers\/opiranded\/malaga\/\" aria-label=\"Esimene ja teine \u00f5pir\u00e4nne\">Read More<\/a><\/p>\n","protected":false},"author":1,"featured_media":0,"parent":14,"menu_order":1,"comment_status":"closed","ping_status":"closed","template":"page-sidebar.php","meta":{"_mi_skip_tracking":false},"_links":{"self":[{"href":"https:\/\/triinlingiene.ee\/ttgteachers\/wp-json\/wp\/v2\/pages\/95"}],"collection":[{"href":"https:\/\/triinlingiene.ee\/ttgteachers\/wp-json\/wp\/v2\/pages"}],"about":[{"href":"https:\/\/triinlingiene.ee\/ttgteachers\/wp-json\/wp\/v2\/types\/page"}],"author":[{"embeddable":true,"href":"https:\/\/triinlingiene.ee\/ttgteachers\/wp-json\/wp\/v2\/users\/1"}],"replies":[{"embeddable":true,"href":"https:\/\/triinlingiene.ee\/ttgteachers\/wp-json\/wp\/v2\/comments?post=95"}],"version-history":[{"count":5,"href":"https:\/\/triinlingiene.ee\/ttgteachers\/wp-json\/wp\/v2\/pages\/95\/revisions"}],"predecessor-version":[{"id":1376,"href":"https:\/\/triinlingiene.ee\/ttgteachers\/wp-json\/wp\/v2\/pages\/95\/revisions\/1376"}],"up":[{"embeddable":true,"href":"https:\/\/triinlingiene.ee\/ttgteachers\/wp-json\/wp\/v2\/pages\/14"}],"wp:attachment":[{"href":"https:\/\/triinlingiene.ee\/ttgteachers\/wp-json\/wp\/v2\/media?parent=95"}],"curies":[{"name":"wp","href":"https:\/\/api.w.org\/{rel}","templated":true}]}}