{"id":97,"date":"2017-08-28T13:25:35","date_gmt":"2017-08-28T10:25:35","guid":{"rendered":"https:\/\/triinlingiene.ee\/ttgteachers\/?page_id=97"},"modified":"2019-08-23T11:58:58","modified_gmt":"2019-08-23T08:58:58","slug":"bologna","status":"publish","type":"page","link":"https:\/\/triinlingiene.ee\/ttgteachers\/opiranded\/bologna\/","title":{"rendered":"Kolmas ja neljas \u00f5pir\u00e4nne"},"content":{"rendered":"<h5>2018.a veebruari l\u00f5pus, m\u00e4rtsi alguses s\u00f5itsid Itaaliasse eesti keele \u00f5petaja Heily Soosaar ja haridustehnoloog Tuuli Tomson, et osaleda \u00f5petajate t\u00e4iendkoolitusel <a href=\"https:\/\/www.schooleducationgateway.eu\/de\/pub\/teacher_academy\/catalogue\/detail.cfm?id=53521\" target=\"_blank\" rel=\"noopener noreferrer\">\u201eIntegrating ICT and new technologies into teaching\u201c<\/a>. Koolitus toimus Bolognas ja selle viis l\u00e4bi <a href=\"https:\/\/www.erasmustrainingcourses.com\/about-us.html\" target=\"_blank\" rel=\"noopener noreferrer\">IFOM<\/a>.<\/h5>\n<p>Antud kursusel osalesid haridust\u00f6\u00f6tajad Rootsist, Hispaaniast, Itaaliast, Poolast, Leedust, \u0160veitsist, Eestist ja Sudaanist. \u00d5pir\u00e4nde sisuline fookus oli suunatud IT ja aine\u00f5petuse l\u00f5imingule, sellele, kuidas infotehnoloogia h\u00f5lbustab nii \u00f5ppematerjali esitamist kui ka selle omandamist. Lisaks oli meie kursuslaste seas palju erinevate ainete \u00f5petajaid, mis omakorda aitas kaasa m\u00f5istmisele, kuidas aineid omavahel suhestada, seega siis kokkuv\u00f5tvalt igati l\u00f5imingurohke kursus.<\/p>\n<p>\u00d5pir\u00e4nde k\u00e4igus tutvuti lihtsate erinevate e-\u00f5ppe vahenditega ning praktiseeriti nende kasutamist, arutleti erinevate rakenduste v\u00f5imaluste \u00fcle. Kursuse k\u00e4igus said osalejad luua praktilisi \u00f5ppe\u00fclesandeid, mida oma t\u00f6\u00f6s kasutada.<\/p>\n<p>K\u00e4sitletud teemad:<\/p>\n<ul>\n<li>lihtne foto- ja videot\u00f6\u00f6tlus;<\/li>\n<li>videotunnid ja e-tunnid;<\/li>\n<li>e-tunnid;<\/li>\n<li>valge tahvli rakendus \u00fchist\u00f6\u00f6na;<\/li>\n<li>veebilehtede valmistamine;<\/li>\n<li>\u00f5pihalduss\u00fcsteemid;<\/li>\n<li>sotsiaalmeedia \u00f5pikogukonna toetajana.<\/li>\n<\/ul>\n<p>T\u00e4psema \u00fclevaate k\u00e4sitletud teemadest koos n\u00e4idetega saab esitlusest.<\/p>\n<p><iframe loading=\"lazy\" id=\"iframe_container\" src=\"https:\/\/prezi.com\/embed\/fqae5t0axrhn\/?bgcolor=ffffff&amp;lock_to_path=0&amp;autoplay=0&amp;autohide_ctrls=0&amp;landing_data=bHVZZmNaNDBIWnNjdEVENDRhZDFNZGNIUE43MHdLNWpsdFJLb2ZHanI5dVVueGI3NXg1eWVGZi8xaGFkUkxSbmR3PT0&amp;landing_sign=voEJ0XPnWjIQxaOzpkecI2F7yCRMzLQTEmwt9nvKXEk\" width=\"550\" height=\"400\" frameborder=\"0\" allowfullscreen=\"allowfullscreen\"><\/iframe><\/p>\n<h4 style=\"padding-left: 40px;\"><\/h4>\n","protected":false},"excerpt":{"rendered":"<p>2018.a veebruari l\u00f5pus, m\u00e4rtsi alguses s\u00f5itsid Itaaliasse eesti keele \u00f5petaja Heily Soosaar ja haridustehnoloog Tuuli Tomson, et osaleda \u00f5petajate t\u00e4iendkoolitusel \u201eIntegrating ICT and new technologies into teaching\u201c. Koolitus toimus Bolognas ja selle viis l\u00e4bi IFOM. Antud kursusel osalesid haridust\u00f6\u00f6tajad Rootsist, &hellip; <a class=\"kt-excerpt-readmore\" href=\"https:\/\/triinlingiene.ee\/ttgteachers\/opiranded\/bologna\/\" aria-label=\"Kolmas ja neljas \u00f5pir\u00e4nne\">Read More<\/a><\/p>\n","protected":false},"author":1,"featured_media":0,"parent":14,"menu_order":2,"comment_status":"closed","ping_status":"closed","template":"page-sidebar.php","meta":{"_mi_skip_tracking":false},"_links":{"self":[{"href":"https:\/\/triinlingiene.ee\/ttgteachers\/wp-json\/wp\/v2\/pages\/97"}],"collection":[{"href":"https:\/\/triinlingiene.ee\/ttgteachers\/wp-json\/wp\/v2\/pages"}],"about":[{"href":"https:\/\/triinlingiene.ee\/ttgteachers\/wp-json\/wp\/v2\/types\/page"}],"author":[{"embeddable":true,"href":"https:\/\/triinlingiene.ee\/ttgteachers\/wp-json\/wp\/v2\/users\/1"}],"replies":[{"embeddable":true,"href":"https:\/\/triinlingiene.ee\/ttgteachers\/wp-json\/wp\/v2\/comments?post=97"}],"version-history":[{"count":5,"href":"https:\/\/triinlingiene.ee\/ttgteachers\/wp-json\/wp\/v2\/pages\/97\/revisions"}],"predecessor-version":[{"id":1287,"href":"https:\/\/triinlingiene.ee\/ttgteachers\/wp-json\/wp\/v2\/pages\/97\/revisions\/1287"}],"up":[{"embeddable":true,"href":"https:\/\/triinlingiene.ee\/ttgteachers\/wp-json\/wp\/v2\/pages\/14"}],"wp:attachment":[{"href":"https:\/\/triinlingiene.ee\/ttgteachers\/wp-json\/wp\/v2\/media?parent=97"}],"curies":[{"name":"wp","href":"https:\/\/api.w.org\/{rel}","templated":true}]}}