{"id":99,"date":"2017-08-28T13:26:14","date_gmt":"2017-08-28T10:26:14","guid":{"rendered":"https:\/\/triinlingiene.ee\/ttgteachers\/?page_id=99"},"modified":"2019-08-24T13:42:12","modified_gmt":"2019-08-24T10:42:12","slug":"budapest","status":"publish","type":"page","link":"https:\/\/triinlingiene.ee\/ttgteachers\/opiranded\/budapest\/","title":{"rendered":"Viies ja kuues \u00f5pir\u00e4nne"},"content":{"rendered":"<h5>2018. a aprillikuus s\u00f5itsid Ungarisse keemia\u00f5petaja Aleksandr Kirpu ja bioloogia\u00f5petaja Urmas Tokko, et osaleda loodusainete-teemalisel t\u00e4iendkoolitusel \u201eBasic immunology and in vitro pharmacology\u201c. Koolitus toimus Budapestis ja selle viis l\u00e4bi <a href=\"https:\/\/www.labmagister.com\/aboutus\" target=\"_blank\" rel=\"noopener noreferrer\">LabMagister<\/a>.<\/h5>\n<p>Meil avanes suurep\u00e4rane v\u00f5imalus \u00f5ppida viis p\u00e4eva kaasaegses farmakoloogia\/biomeditsiini laboris, milles t\u00f6\u00f6tajad korraldasid sisuka ja huvitava praktilise koolituse. Seal tegeletakse nii <em>in vitro<\/em> kui <em>in vivo<\/em> loomkatsetega farmakoloogias kui ka biomeditsiiniliste anal\u00fc\u00fcside ja uuringutega (sperma kvaliteet, vereanal\u00fc\u00fcs, rakukultuuride kasvatamine).<\/p>\n<p>Taolistesse sertifitseeritud laboritesse v\u00f5\u00f5rad tavaliselt ei p\u00e4\u00e4se. Ent meil oli v\u00e4ga hea v\u00f5imalus n\u00e4ha ning praktiliselt proovida vahendeid ja t\u00f6\u00f6v\u00f5tteid, mida t\u00f6\u00f6tavas ja hinnatud laboris igap\u00e4evaselt tehakse. T\u00e4name v\u00e4ga labori t\u00f6\u00f6tajaid, eriti Endre Mikus\u2019t, Agnes Hajnal\u2019i ja Olga Losonczi, kes p\u00e4evad l\u00e4bi lahkelt meid \u00f5petasid ja juhendasid! Nii j\u00f5uavad arusaamad ja n\u00e4ited kaasaegsest teadusest ja selle rakendusvaldkondadest paremini koolit\u00f6\u00f6sse, \u00f5pilasteni. Sellist t\u00f6\u00f6- ja \u00f5ppeprotsessi v\u00f5iks, tundub et uudiss\u00f5nana, nimetada siirdehariduseks.<\/p>\n<p>Nagu\u00a0 lubatud, toimus \u00f5ppet\u00f6\u00f6 suures osas n\u00f6 k\u00e4ed-k\u00fcljes meetodil. Oli v\u00e4ga rikastav viia end rohkem kurssi kaasaegse labori uuringute ja t\u00f6\u00f6ga ning tunda, et Eestis saadud erialane haridus selle m\u00f5istmiseks alt ei vea. Mitmesuguste farmakoloogia ja biomeditsiini alusteadmiste ja uuringute m\u00f5istmiseks saime n\u00e4iteks proovida t\u00f6\u00f6d organivanniga, eraldada erinevate kudede rakke narkoosis hiirest, tutvuda l\u00e4bivoolu ts\u00fctomeetri t\u00f6\u00f6p\u00f5him\u00f5tte ja omavalmistatud \u00a0koekultuuri anal\u00fc\u00fcsitulemustega, katsetada t\u00f6\u00f6tamist laminaarkapi steriilses klaasitaguses, tsentrifuugida ja valmistada preparaate spetsiaalse aparaadi abil. \u00a0Meile anti ka hea teoreetiline \u00fclevaade ravimite v\u00e4ljat\u00f6\u00f6tamise etappidest ning korraldati ringk\u00e4ik farmaatsiat\u00f6\u00f6stuse \u201ereaktsioonitsisternide\u201c juurde.<\/p>\n<p>Olgu siinkohal selgituseks toodud paar n\u00e4idet:<\/p>\n<ul>\n<li><strong>Organivannides<\/strong> (<em>organ bath<\/em>) uuritakse kudede f\u00fcsioloogiat ja farmakoloogiat \u2013 vastuseid keemilistele \u00fchenditele v\u00f5i f\u00fc\u00fcsikalistele teguritele (nt elektriimpulss). Meie uurisime hiire peensoole silelihaste kokkut\u00f5mbe s\u00f5ltuvust metakoliini kontsentratsioonist. Nn vanni (tegelikkuses v\u00e4iksemat sorti klaassilinder) lisatava metakoliini doosist oleneb lihaste kokkut\u00f5mbe tugevus, mida organivanni sensorite abil m\u00f5\u00f5ta ja registreerida saab. Selliseid <em>in vitro<\/em> uuringuid on tarvis n\u00e4iteks lihaseid l\u00f5\u00f5gastavate v\u00f5i nende kokkut\u00f5mmet suurendavate ravimite m\u00f5ju ja \u00f5ige doosi (v\u00f5i ka k\u00f5rvalm\u00f5jude) selgitamiseks. Loomulikult peab elundivannis looma kudede elusp\u00fcsimiseks soodsa keskkonna: valmistama mitmesugustest sooladest f\u00fcsioloogilise lahuse, tagama sobiva temperatuuri, varustama kudet hapniku ja s\u00fcsihappegaasiga.<\/li>\n<li>Erinevate vere valgeliblede uurimiseks kasutasime <strong>l\u00e4bivoolu ts\u00fctomeetrit<\/strong>. Ent selleks tuli valgelibled teistest vere komponentidest k\u00f5igepealt eraldada \u2013 sellekski on oma lahused ja meetodid. Ts\u00fctomeeter loendab erinevate rakkude, siin siis valgeliblede <code><\/code><code><\/code><code><\/code>(erinevad granulots\u00fc\u00fcdid, l\u00fcmfots\u00fc\u00fcdid, monots\u00fc\u00fcdid jne) hulka, mis on nt arstidele oluline info patsiendi seisukorrast. Et aparaadi laserkiired suudaks m\u00f6\u00f6da imepeent (\u00fche raku l\u00e4bim\u00f5\u00f5dus) toru kiiresti liikuvaid rakke tuvastada, on need eelnevalt m\u00e4rgistatud v\u00e4rvainetega \u2013 \u00f5igemini, igale rakut\u00fc\u00fcbile liidetakse teatud kindel (monokloonne) antikeha, millele omakorda fluorestseeruv aine (fluorokroom). Ts\u00fctomeetri laserkiired ergastavad erinevaid fluorokroome, mis siis kiirgavad spetsiaalse lainepikkusega valgust. Nii registreeritaksegi ts\u00fctomeetri optilises osas erinevad kiirguslained, mis arvutis seostatakse vastava rakut\u00fc\u00fcbiga.\n<div><object width=\"640\" height=\"360\"><param name=\"movie\" value=\"https:\/\/app.kizoa.com\/i-Contact\/sflite.swf?did=188350363&amp;k=8037560&amp;loop=1\" \/><param name=\"wmode\" value=\"transparent\" \/><param name=\"allowFullScreen\" value=\"true\" \/><embed src=\"https:\/\/app.kizoa.com\/i-Contact\/sflite.swf?did=188350363&amp;k=8037560&amp;loop=1\" type=\"application\/x-shockwave-flash\" wmode=\"transparent\" width=\"640\" height=\"360\" allowfullscreen=\"allowfullscreen\" \/><\/object><br \/>\n<a href=\"http:\/\/www.kizoa.com\/Movie-Video-Slideshow-Maker\/d188350363k8037560o2l1\/laborispe-budapestis\"><b>Laboris\u00f5pe Budapestis<\/b><\/a><\/div>\n<p>\u00d5htuti tutvusime kauni ja sel aastal juba aprillikuus suvise ilmaga Budapesti vaatamisv\u00e4\u00e4rsustega. Reisi j\u00e4\u00e4vad meenutama igas m\u00f5ttes soojad m\u00e4lestused, hulk kogutud tarkust ja huvi \u00f5pitu kohta edasi uurida.<\/li>\n<\/ul>\n<h4 style=\"padding-left: 40px;\"><\/h4>\n","protected":false},"excerpt":{"rendered":"<p>2018. a aprillikuus s\u00f5itsid Ungarisse keemia\u00f5petaja Aleksandr Kirpu ja bioloogia\u00f5petaja Urmas Tokko, et osaleda loodusainete-teemalisel t\u00e4iendkoolitusel \u201eBasic immunology and in vitro pharmacology\u201c. Koolitus toimus Budapestis ja selle viis l\u00e4bi LabMagister. Meil avanes suurep\u00e4rane v\u00f5imalus \u00f5ppida viis p\u00e4eva kaasaegses farmakoloogia\/biomeditsiini laboris, &hellip; <a class=\"kt-excerpt-readmore\" href=\"https:\/\/triinlingiene.ee\/ttgteachers\/opiranded\/budapest\/\" aria-label=\"Viies ja kuues \u00f5pir\u00e4nne\">Read More<\/a><\/p>\n","protected":false},"author":1,"featured_media":0,"parent":14,"menu_order":3,"comment_status":"closed","ping_status":"closed","template":"page-sidebar.php","meta":{"_mi_skip_tracking":false},"_links":{"self":[{"href":"https:\/\/triinlingiene.ee\/ttgteachers\/wp-json\/wp\/v2\/pages\/99"}],"collection":[{"href":"https:\/\/triinlingiene.ee\/ttgteachers\/wp-json\/wp\/v2\/pages"}],"about":[{"href":"https:\/\/triinlingiene.ee\/ttgteachers\/wp-json\/wp\/v2\/types\/page"}],"author":[{"embeddable":true,"href":"https:\/\/triinlingiene.ee\/ttgteachers\/wp-json\/wp\/v2\/users\/1"}],"replies":[{"embeddable":true,"href":"https:\/\/triinlingiene.ee\/ttgteachers\/wp-json\/wp\/v2\/comments?post=99"}],"version-history":[{"count":5,"href":"https:\/\/triinlingiene.ee\/ttgteachers\/wp-json\/wp\/v2\/pages\/99\/revisions"}],"predecessor-version":[{"id":1377,"href":"https:\/\/triinlingiene.ee\/ttgteachers\/wp-json\/wp\/v2\/pages\/99\/revisions\/1377"}],"up":[{"embeddable":true,"href":"https:\/\/triinlingiene.ee\/ttgteachers\/wp-json\/wp\/v2\/pages\/14"}],"wp:attachment":[{"href":"https:\/\/triinlingiene.ee\/ttgteachers\/wp-json\/wp\/v2\/media?parent=99"}],"curies":[{"name":"wp","href":"https:\/\/api.w.org\/{rel}","templated":true}]}}